{"id":1261,"date":"2020-12-14T19:41:06","date_gmt":"2020-12-14T22:41:06","guid":{"rendered":"http:\/\/www.constructora3m.cl\/sitio\/?page_id=1261"},"modified":"2026-01-07T12:46:52","modified_gmt":"2026-01-07T15:46:52","slug":"1261-2","status":"publish","type":"page","link":"http:\/\/www.constructora3m.cl\/sitio\/","title":{"rendered":"Inicio"},"content":{"rendered":"<p>[et_pb_section fb_built=\u00bb1&#8243; fullwidth=\u00bbon\u00bb _builder_version=\u00bb4.7.7&#8243; _module_preset=\u00bbdefault\u00bb custom_padding=\u00bb||||false|false\u00bb bottom_divider_style=\u00bbmountains2&#8243; bottom_divider_color=\u00bb#ffffff\u00bb bottom_divider_height=\u00bb77px\u00bb animation_style=\u00bbfade\u00bb animation_duration=\u00bb900ms\u00bb animation_delay=\u00bb50ms\u00bb hover_transition_duration=\u00bb450ms\u00bb global_colors_info=\u00bb{}\u00bb][et_pb_fullwidth_slider dot_nav_custom_color=\u00bb#96a32d\u00bb _builder_version=\u00bb4.7.7&#8243; _module_preset=\u00bbdefault\u00bb header_level=\u00bbh4&#8243; header_font=\u00bbAlata||||||||\u00bb min_height=\u00bb247px\u00bb custom_margin=\u00bb||6px|||\u00bb custom_padding=\u00bb71px||215px|||\u00bb animation_style=\u00bbfade\u00bb auto=\u00bbon\u00bb auto_ignore_hover=\u00bbon\u00bb global_colors_info=\u00bb{}\u00bb][et_pb_slide heading=\u00bbConstructora 3M\u00bb button_text=\u00bbCont\u00e1ctenos\u00bb button_link=\u00bb#contacto\u00bb arrows_custom_color=\u00bbrgba(0,0,0,0)\u00bb dot_nav_custom_color=\u00bb#0c71c3&#8243; heading_tablet=\u00bbConstructora 3M\u00bb heading_phone=\u00bbConstructora 3M\u00bb heading_last_edited=\u00bbon|phone\u00bb _builder_version=\u00bb4.7.7&#8243; _module_preset=\u00bbdefault\u00bb header_level=\u00bbh1&#8243; header_font=\u00bbAlata|700|||||||\u00bb header_text_align=\u00bbcenter\u00bb header_text_color=\u00bb#ffffff\u00bb header_font_size=\u00bb44px\u00bb header_letter_spacing=\u00bb2px\u00bb body_font=\u00bbMontserrat|600|||||||\u00bb background_enable_color=\u00bboff\u00bb background_image=\u00bbhttp:\/\/www.constructora3m.cl\/sitio\/wp-content\/uploads\/2020\/12\/banner3mcabecera1a.jpg\u00bb background_enable_image=\u00bbon\u00bb parallax=\u00bbon\u00bb custom_button=\u00bbon\u00bb button_text_color=\u00bb#ffffff\u00bb button_bg_color=\u00bb#93a31d\u00bb button_alignment=\u00bbcenter\u00bb header_font_tablet=\u00bb\u00bb header_font_phone=\u00bb\u00bb header_font_last_edited=\u00bbon|desktop\u00bb header_text_shadow_style=\u00bbpreset1&#8243; header_text_shadow_horizontal_length=\u00bb0.03em\u00bb header_text_shadow_vertical_length=\u00bb0.09em\u00bb header_text_shadow_blur_strength=\u00bb0.02em\u00bb body_text_shadow_style=\u00bbpreset2&#8243; text_shadow_style=\u00bbpreset2&#8243; global_colors_info=\u00bb{}\u00bb sticky_transition=\u00bbon\u00bb][\/et_pb_slide][et_pb_slide heading=\u00bbConstructora 3M\u00bb button_text=\u00bbCont\u00e1ctenos\u00bb button_link=\u00bb#contacto\u00bb arrows_custom_color=\u00bbrgba(0,0,0,0)\u00bb dot_nav_custom_color=\u00bb#0c71c3&#8243; heading_tablet=\u00bbConstructora 3M\u00bb heading_phone=\u00bbConstructora 3M\u00bb heading_last_edited=\u00bbon|phone\u00bb _builder_version=\u00bb4.7.7&#8243; _module_preset=\u00bbdefault\u00bb header_level=\u00bbh1&#8243; header_font=\u00bbAlata|700|||||||\u00bb header_text_align=\u00bbcenter\u00bb header_text_color=\u00bb#ffffff\u00bb header_font_size=\u00bb44px\u00bb header_letter_spacing=\u00bb2px\u00bb body_font=\u00bbMontserrat|600|||||||\u00bb background_enable_color=\u00bboff\u00bb background_image=\u00bbhttp:\/\/www.constructora3m.cl\/sitio\/wp-content\/uploads\/2020\/12\/banner3m3a.jpg\u00bb background_enable_image=\u00bbon\u00bb parallax=\u00bbon\u00bb custom_button=\u00bbon\u00bb button_text_color=\u00bb#ffffff\u00bb button_bg_color=\u00bb#93a31d\u00bb button_alignment=\u00bbcenter\u00bb header_font_tablet=\u00bb\u00bb header_font_phone=\u00bb\u00bb header_font_last_edited=\u00bbon|desktop\u00bb header_text_shadow_style=\u00bbpreset1&#8243; header_text_shadow_horizontal_length=\u00bb0.03em\u00bb header_text_shadow_vertical_length=\u00bb0.09em\u00bb header_text_shadow_blur_strength=\u00bb0.02em\u00bb body_text_shadow_style=\u00bbpreset2&#8243; text_shadow_style=\u00bbpreset2&#8243; global_colors_info=\u00bb{}\u00bb sticky_transition=\u00bbon\u00bb][\/et_pb_slide][\/et_pb_fullwidth_slider][\/et_pb_section][et_pb_section fb_built=\u00bb1&#8243; prev_background_color=\u00bb#ffffff\u00bb _builder_version=\u00bb4.7.7&#8243; _module_preset=\u00bbdefault\u00bb background_enable_color=\u00bboff\u00bb background_image=\u00bbhttp:\/\/www.constructora3m.cl\/sitio\/wp-content\/uploads\/2020\/12\/fondogris3m-1.jpg\u00bb custom_padding=\u00bb26px||5px|||\u00bb top_divider_style=\u00bbarrow3&#8243; top_divider_height=\u00bb80px\u00bb bottom_divider_style=\u00bbarrow3&#8243; bottom_divider_color=\u00bb#bcbcbc\u00bb bottom_divider_height=\u00bb57px\u00bb bottom_divider_repeat=\u00bb2x\u00bb global_colors_info=\u00bb{}\u00bb][et_pb_row column_structure=\u00bb2_5,3_5&#8243; _builder_version=\u00bb4.7.7&#8243; _module_preset=\u00bbdefault\u00bb background_video_width=\u00bbauto\u00bb background_video_height=\u00bb100%\u00bb custom_padding=\u00bb6px|||||\u00bb global_colors_info=\u00bb{}\u00bb][et_pb_column type=\u00bb2_5&#8243; _builder_version=\u00bb4.7.7&#8243; _module_preset=\u00bbdefault\u00bb background_color=\u00bbrgba(0,0,0,0)\u00bb background_enable_video_mp4=\u00bboff\u00bb global_colors_info=\u00bb{}\u00bb][et_pb_video _builder_version=\u00bb4.7.7&#8243; _module_preset=\u00bbdefault\u00bb global_colors_info=\u00bb{}\u00bb][\/et_pb_video][et_pb_video src=\u00bbhttp:\/\/www.constructora3m.cl\/sitio\/wp-content\/uploads\/2020\/12\/3mfinalvideo.mp4&#8243; module_id=\u00bblwp-video-autoplay\u00bb module_class=\u00bblwp-video-autoplay\u00bb _builder_version=\u00bb4.7.7&#8243; _module_preset=\u00bbdefault\u00bb global_colors_info=\u00bb{}\u00bb][\/et_pb_video][\/et_pb_column][et_pb_column type=\u00bb3_5&#8243; _builder_version=\u00bb4.6.5&#8243; _module_preset=\u00bbdefault\u00bb global_colors_info=\u00bb{}\u00bb][et_pb_text _builder_version=\u00bb4.7.6&#8243; _module_preset=\u00bbdefault\u00bb inline_fonts=\u00bbAlata\u00bb global_colors_info=\u00bb{}\u00bb]<\/p>\n<h1 style=\"text-align: justify;\"><span style=\"font-family: Alata; font-weight: normal; font-size: xx-large;\">Constructora 3M<\/span><\/h1>\n<p style=\"text-align: justify;\">La gerencia de INGENIERIA Y CONSTRUCCION 3M SOCIEDAD LIMITADA, se ha caracterizado por sus altos est\u00e1ndares de calidad, el trato directo e involucramiento con sus clientes, y una preocupaci\u00f3n constante por la innovaci\u00f3n, Pol\u00edticas de Seguridad, Salud Ocupacional y Cuidado del Medio Ambiente.<\/p>\n<p>&nbsp;<\/p>\n<p>[\/et_pb_text][\/et_pb_column][\/et_pb_row][\/et_pb_section][et_pb_section fb_built=\u00bb1&#8243; _builder_version=\u00bb4.7.7&#8243; _module_preset=\u00bbdefault\u00bb background_color=\u00bb#96a32d\u00bb background_enable_image=\u00bboff\u00bb custom_padding=\u00bb26px||5px|||\u00bb top_divider_style=\u00bbarrow3&#8243; top_divider_color=\u00bb#dadfb6&#8243; top_divider_height=\u00bb80px\u00bb bottom_divider_color=\u00bb#bcbcbc\u00bb bottom_divider_height=\u00bb57px\u00bb bottom_divider_repeat=\u00bb2x\u00bb global_colors_info=\u00bb{}\u00bb][et_pb_row _builder_version=\u00bb4.7.7&#8243; _module_preset=\u00bbdefault\u00bb global_colors_info=\u00bb{}\u00bb][et_pb_column type=\u00bb4_4&#8243; _builder_version=\u00bb4.7.7&#8243; _module_preset=\u00bbdefault\u00bb global_colors_info=\u00bb{}\u00bb][et_pb_text _builder_version=\u00bb4.7.7&#8243; _module_preset=\u00bbdefault\u00bb custom_margin=\u00bb||-4px|||\u00bb global_colors_info=\u00bb{}\u00bb]<\/p>\n<h2 style=\"text-align: center;\"><span style=\"color: #ffffff;\">Servicio de Ingenier\u00eda y Construcci\u00f3n:<\/span><\/h2>\n<p><span style=\"color: #808000;\"><\/span><\/p>\n<p>[\/et_pb_text][\/et_pb_column][\/et_pb_row][et_pb_row _builder_version=\u00bb4.7.7&#8243; _module_preset=\u00bbdefault\u00bb custom_margin=\u00bb-17px|auto||auto||\u00bb custom_padding=\u00bb3px|||||\u00bb global_colors_info=\u00bb{}\u00bb][et_pb_column type=\u00bb4_4&#8243; disabled_on=\u00bboff|off|off\u00bb _builder_version=\u00bb4.7.7&#8243; _module_preset=\u00bbdefault\u00bb global_colors_info=\u00bb{}\u00bb][et_pb_image src=\u00bbhttp:\/\/www.constructora3m.cl\/sitio\/wp-content\/uploads\/2020\/12\/servicio3mcompletotransp.png\u00bb title_text=\u00bbservicio3mcompletotransp\u00bb align=\u00bbcenter\u00bb _builder_version=\u00bb4.7.7&#8243; _module_preset=\u00bbdefault\u00bb custom_padding=\u00bb|0px|7px|||\u00bb global_colors_info=\u00bb{}\u00bb][\/et_pb_image][\/et_pb_column][\/et_pb_row][\/et_pb_section][et_pb_section fb_built=\u00bb1&#8243; next_background_color=\u00bb#ffffff\u00bb admin_label=\u00bbCTA Section\u00bb _builder_version=\u00bb4.7.7&#8243; background_color=\u00bbrgba(0,0,0,0)\u00bb background_enable_image=\u00bboff\u00bb parallax=\u00bbon\u00bb max_width=\u00bb100%\u00bb custom_padding=\u00bb0px||0px|||\u00bb top_divider_style=\u00bbarrow3&#8243; top_divider_color=\u00bb#dadfb6&#8243; bottom_divider_style=\u00bbasymmetric2&#8243; global_colors_info=\u00bb{}\u00bb][et_pb_row admin_label=\u00bbSection Title\u00bb _builder_version=\u00bb3.25&#8243; custom_margin=\u00bb-3px|auto||auto||\u00bb custom_padding=\u00bb||0px|||\u00bb locked=\u00bboff\u00bb global_colors_info=\u00bb{}\u00bb][et_pb_column type=\u00bb4_4&#8243; _builder_version=\u00bb3.25&#8243; custom_padding=\u00bb|||\u00bb global_colors_info=\u00bb{}\u00bb custom_padding__hover=\u00bb|||\u00bb][et_pb_text _builder_version=\u00bb4.7.7&#8243; text_font=\u00bbAlata|||||on|||\u00bb text_font_size=\u00bb18px\u00bb header_font=\u00bbAlata||||||||\u00bb header_2_font=\u00bbAlata|700|||||||\u00bb header_2_text_color=\u00bb#96a32d\u00bb header_2_font_size=\u00bb38px\u00bb header_2_letter_spacing=\u00bb1px\u00bb header_2_line_height=\u00bb1.4em\u00bb header_3_font=\u00bbPoppins|700||on|||||\u00bb header_3_text_color=\u00bb#edbb5f\u00bb header_3_font_size=\u00bb14px\u00bb header_3_letter_spacing=\u00bb1px\u00bb header_3_line_height=\u00bb2em\u00bb text_orientation=\u00bbcenter\u00bb max_width=\u00bb7000px\u00bb custom_padding=\u00bb3px|||||\u00bb locked=\u00bboff\u00bb inline_fonts=\u00bbMontserrat\u00bb global_colors_info=\u00bb{}\u00bb]<\/p>\n<h2>Noticias 3M<\/h2>\n<p>[\/et_pb_text][et_pb_divider show_divider=\u00bboff\u00bb _builder_version=\u00bb3.2&#8243; max_width=\u00bb23px\u00bb module_alignment=\u00bbcenter\u00bb animation_style=\u00bbslide\u00bb animation_direction=\u00bbtop\u00bb animation_intensity_slide=\u00bb20%\u00bb animation_starting_opacity=\u00bb100%\u00bb global_colors_info=\u00bb{}\u00bb][\/et_pb_divider][\/et_pb_column][\/et_pb_row][et_pb_row admin_label=\u00bbBlog Area\u00bb _builder_version=\u00bb4.6.5&#8243; custom_margin=\u00bb-30px|auto|-1px|auto||\u00bb custom_padding=\u00bb1px||12px|||\u00bb custom_width_px=\u00bb1600px\u00bb global_colors_info=\u00bb{}\u00bb][et_pb_column type=\u00bb4_4&#8243; _builder_version=\u00bb3.25&#8243; custom_padding=\u00bb|||\u00bb global_colors_info=\u00bb{}\u00bb custom_padding__hover=\u00bb|||\u00bb][et_pb_blog fullwidth=\u00bboff\u00bb posts_number=\u00bb3&#8243; include_categories=\u00bb6&#8243; excerpt_length=\u00bb100&#8243; show_author=\u00bboff\u00bb show_categories=\u00bboff\u00bb show_excerpt=\u00bboff\u00bb show_pagination=\u00bboff\u00bb _builder_version=\u00bb4.7.7&#8243; header_font=\u00bbMontserrat|600|||||||\u00bb header_font_size=\u00bb20px\u00bb body_font=\u00bb||||||||\u00bb body_font_size=\u00bb16px\u00bb body_line_height=\u00bb1.8em\u00bb meta_font=\u00bbMontserrat|300|||||||\u00bb min_height=\u00bb339px\u00bb custom_margin=\u00bb-27px||5px|||\u00bb custom_padding=\u00bb||12px|||\u00bb animation_style=\u00bbfade\u00bb border_style_all=\u00bbnone\u00bb box_shadow_style=\u00bbpreset1&#8243; box_shadow_vertical=\u00bb5px\u00bb box_shadow_blur=\u00bb25px\u00bb box_shadow_color=\u00bbrgba(0,0,0,0.05)\u00bb global_colors_info=\u00bb{}\u00bb][\/et_pb_blog][et_pb_button button_url=\u00bb\/sitio\/blog\u00bb button_text=\u00bb+ Noticias\u00bb button_alignment=\u00bbcenter\u00bb _builder_version=\u00bb4.7.7&#8243; _module_preset=\u00bbdefault\u00bb custom_button=\u00bbon\u00bb button_text_size=\u00bb14px\u00bb button_text_color=\u00bb#ffffff\u00bb button_bg_color=\u00bb#96a32d\u00bb button_border_radius=\u00bb12px\u00bb custom_margin=\u00bb-12px||14px|||\u00bb global_colors_info=\u00bb{}\u00bb][\/et_pb_button][\/et_pb_column][\/et_pb_row][\/et_pb_section][et_pb_section fb_built=\u00bb1&#8243; admin_label=\u00bbFooter\u00bb _builder_version=\u00bb4.7.7&#8243; background_image=\u00bbhttp:\/\/www.constructora3m.cl\/sitio\/wp-content\/uploads\/2020\/12\/fondocontacto3m.jpg\u00bb parallax=\u00bbon\u00bb min_height=\u00bb752px\u00bb custom_margin=\u00bb5px||-4px|||\u00bb custom_padding=\u00bb20px||6px|||\u00bb saved_tabs=\u00bball\u00bb global_colors_info=\u00bb{}\u00bb][et_pb_row column_structure=\u00bb1_3,2_3&#8243; use_custom_gutter=\u00bbon\u00bb gutter_width=\u00bb2&#8243; make_equal=\u00bbon\u00bb module_id=\u00bbcontacto\u00bb _builder_version=\u00bb4.7.7&#8243; background_size=\u00bbinitial\u00bb background_position=\u00bbtop_left\u00bb background_repeat=\u00bbrepeat\u00bb custom_padding=\u00bb42px|||||\u00bb filter_opacity=\u00bb96%\u00bb box_shadow_style=\u00bbpreset3&#8243; global_colors_info=\u00bb{}\u00bb][et_pb_column type=\u00bb1_3&#8243; _builder_version=\u00bb4.7.7&#8243; background_color=\u00bb#ffffff\u00bb background_position=\u00bbtop_left\u00bb custom_padding=\u00bb50px|40px|50px|40px\u00bb filter_opacity=\u00bb76%\u00bb global_colors_info=\u00bb{}\u00bb custom_padding__hover=\u00bb|||\u00bb][et_pb_text admin_label=\u00bbContact US Title\u00bb _builder_version=\u00bb4.7.7&#8243; text_font_size=\u00bb16px\u00bb header_font=\u00bbMontserrat||||\u00bb header_text_color=\u00bb#1f1f1f\u00bb header_font_size=\u00bb22px\u00bb custom_padding=\u00bb0px|0px|0px|0px\u00bb animation_style=\u00bbfold\u00bb animation_direction=\u00bbbottom\u00bb animation_intensity_fold=\u00bb20%\u00bb global_colors_info=\u00bb{}\u00bb]<\/p>\n<h1>CONTACTO 3M<\/h1>\n<p>[\/et_pb_text][et_pb_blurb use_icon=\u00bbon\u00bb font_icon=\u00bb%%249%%\u00bb icon_color=\u00bb#96a32d\u00bb icon_placement=\u00bbleft\u00bb use_icon_font_size=\u00bbon\u00bb icon_font_size=\u00bb28px\u00bb icon_font_size_last_edited=\u00bboff|desktop\u00bb admin_label=\u00bbAddress\u00bb _builder_version=\u00bb4.7.7&#8243; body_font_size=\u00bb16px\u00bb custom_margin=\u00bb|||\u00bb animation_style=\u00bbfold\u00bb animation_direction=\u00bbbottom\u00bb animation_intensity_fold=\u00bb20%\u00bb border_radii=\u00bbon|10px|10px|10px|10px\u00bb global_colors_info=\u00bb{}\u00bb]<\/p>\n<p>Los \u00c1ngeles, Chile.<\/p>\n<p>[\/et_pb_blurb][et_pb_blurb use_icon=\u00bbon\u00bb font_icon=\u00bb%%104%%\u00bb icon_color=\u00bb#96a32d\u00bb icon_placement=\u00bbleft\u00bb use_icon_font_size=\u00bbon\u00bb icon_font_size=\u00bb28px\u00bb icon_font_size_last_edited=\u00bboff|desktop\u00bb _builder_version=\u00bb4.7.7&#8243; body_font_size=\u00bb16px\u00bb custom_margin=\u00bb|||\u00bb animation_style=\u00bbfold\u00bb animation_direction=\u00bbbottom\u00bb animation_intensity_fold=\u00bb20%\u00bb global_colors_info=\u00bb{}\u00bb]<\/p>\n<p>(+56) 9976931255<\/p>\n<p>[\/et_pb_blurb][et_pb_blurb use_icon=\u00bbon\u00bb font_icon=\u00bb%%238%%\u00bb icon_color=\u00bb#96a32d\u00bb icon_placement=\u00bbleft\u00bb use_icon_font_size=\u00bbon\u00bb icon_font_size=\u00bb28px\u00bb icon_font_size_last_edited=\u00bboff|desktop\u00bb admin_label=\u00bbEmail\u00bb _builder_version=\u00bb4.7.7&#8243; body_font_size=\u00bb16px\u00bb custom_margin=\u00bb|||\u00bb animation_style=\u00bbfold\u00bb animation_direction=\u00bbbottom\u00bb animation_intensity_fold=\u00bb20%\u00bb global_colors_info=\u00bb{}\u00bb]<\/p>\n<p>contacto@constructora3m.cl<\/p>\n<p>[\/et_pb_blurb][\/et_pb_column][et_pb_column type=\u00bb2_3&#8243; _builder_version=\u00bb4.6.5&#8243; background_color=\u00bb#ffffff\u00bb background_position=\u00bbtop_left\u00bb custom_padding=\u00bb50px|40px|50px|40px\u00bb filter_opacity=\u00bb76%\u00bb global_colors_info=\u00bb{}\u00bb custom_padding__hover=\u00bb|||\u00bb][et_pb_contact_form captcha=\u00bboff\u00bb email=\u00bbcontacto@constructora3m.cl\u00bb title=\u00bbCont\u00e1ctenos&#8230; Apoyamos sus Ideas\u00bb submit_button_text=\u00bbEnviar\u00bb module_id=\u00bbet_pb_contact_form_1&#8243; _builder_version=\u00bb4.7.7&#8243; form_field_background_color=\u00bbrgba(255,255,255,0)\u00bb title_font=\u00bbMontserrat||on||||||\u00bb title_font_size=\u00bb20px\u00bb custom_button=\u00bbon\u00bb button_text_size=\u00bb13px\u00bb button_text_color=\u00bb#ffffff\u00bb button_bg_color=\u00bb#96a32d\u00bb button_border_width=\u00bb0px\u00bb button_border_color=\u00bb#6eba01&#8243; button_border_radius=\u00bb10px\u00bb button_letter_spacing=\u00bb2px\u00bb button_font=\u00bbMontserrat|||on|\u00bb button_use_icon=\u00bboff\u00bb animation_style=\u00bbfold\u00bb animation_direction=\u00bbbottom\u00bb animation_intensity_fold=\u00bb20%\u00bb border_width_all=\u00bb1px\u00bb border_color_all=\u00bbrgba(0,0,0,0.12)\u00bb use_border_color=\u00bbon\u00bb border_color=\u00bbrgba(0,0,0,0.12)\u00bb form_background_color=\u00bbrgba(255,255,255,0)\u00bb global_colors_info=\u00bb{}\u00bb button_text_color_hover=\u00bb#6eba01&#8243; button_bg_color_hover=\u00bbrgba(0,0,0,0)\u00bb button_border_color_hover=\u00bb#6eba01&#8243; button_border_radius_hover=\u00bb0px\u00bb button_letter_spacing_hover=\u00bb2px\u00bb][et_pb_contact_field field_id=\u00bbName\u00bb field_title=\u00bbNombre:\u00bb fullwidth_field=\u00bbon\u00bb _builder_version=\u00bb4.6.5&#8243; global_colors_info=\u00bb{}\u00bb button_text_size__hover_enabled=\u00bboff\u00bb button_one_text_size__hover_enabled=\u00bboff\u00bb button_two_text_size__hover_enabled=\u00bboff\u00bb button_text_color__hover_enabled=\u00bboff\u00bb button_one_text_color__hover_enabled=\u00bboff\u00bb button_two_text_color__hover_enabled=\u00bboff\u00bb button_border_width__hover_enabled=\u00bboff\u00bb button_one_border_width__hover_enabled=\u00bboff\u00bb button_two_border_width__hover_enabled=\u00bboff\u00bb button_border_color__hover_enabled=\u00bboff\u00bb button_one_border_color__hover_enabled=\u00bboff\u00bb button_two_border_color__hover_enabled=\u00bboff\u00bb button_border_radius__hover_enabled=\u00bboff\u00bb button_one_border_radius__hover_enabled=\u00bboff\u00bb button_two_border_radius__hover_enabled=\u00bboff\u00bb button_letter_spacing__hover_enabled=\u00bboff\u00bb button_one_letter_spacing__hover_enabled=\u00bboff\u00bb button_two_letter_spacing__hover_enabled=\u00bboff\u00bb button_bg_color__hover_enabled=\u00bboff\u00bb button_one_bg_color__hover_enabled=\u00bboff\u00bb button_two_bg_color__hover_enabled=\u00bboff\u00bb][\/et_pb_contact_field][et_pb_contact_field field_id=\u00bbEmail\u00bb field_title=\u00bbEmail:\u00bb field_type=\u00bbemail\u00bb fullwidth_field=\u00bbon\u00bb _builder_version=\u00bb4.6.5&#8243; global_colors_info=\u00bb{}\u00bb button_text_size__hover_enabled=\u00bboff\u00bb button_one_text_size__hover_enabled=\u00bboff\u00bb button_two_text_size__hover_enabled=\u00bboff\u00bb button_text_color__hover_enabled=\u00bboff\u00bb button_one_text_color__hover_enabled=\u00bboff\u00bb button_two_text_color__hover_enabled=\u00bboff\u00bb button_border_width__hover_enabled=\u00bboff\u00bb button_one_border_width__hover_enabled=\u00bboff\u00bb button_two_border_width__hover_enabled=\u00bboff\u00bb button_border_color__hover_enabled=\u00bboff\u00bb button_one_border_color__hover_enabled=\u00bboff\u00bb button_two_border_color__hover_enabled=\u00bboff\u00bb button_border_radius__hover_enabled=\u00bboff\u00bb button_one_border_radius__hover_enabled=\u00bboff\u00bb button_two_border_radius__hover_enabled=\u00bboff\u00bb button_letter_spacing__hover_enabled=\u00bboff\u00bb button_one_letter_spacing__hover_enabled=\u00bboff\u00bb button_two_letter_spacing__hover_enabled=\u00bboff\u00bb button_bg_color__hover_enabled=\u00bboff\u00bb button_one_bg_color__hover_enabled=\u00bboff\u00bb button_two_bg_color__hover_enabled=\u00bboff\u00bb][\/et_pb_contact_field][et_pb_contact_field field_id=\u00bbMessage\u00bb field_title=\u00bbMensaje:\u00bb field_type=\u00bbtext\u00bb fullwidth_field=\u00bbon\u00bb _builder_version=\u00bb4.6.5&#8243; global_colors_info=\u00bb{}\u00bb button_text_size__hover_enabled=\u00bboff\u00bb button_one_text_size__hover_enabled=\u00bboff\u00bb button_two_text_size__hover_enabled=\u00bboff\u00bb button_text_color__hover_enabled=\u00bboff\u00bb button_one_text_color__hover_enabled=\u00bboff\u00bb button_two_text_color__hover_enabled=\u00bboff\u00bb button_border_width__hover_enabled=\u00bboff\u00bb button_one_border_width__hover_enabled=\u00bboff\u00bb button_two_border_width__hover_enabled=\u00bboff\u00bb button_border_color__hover_enabled=\u00bboff\u00bb button_one_border_color__hover_enabled=\u00bboff\u00bb button_two_border_color__hover_enabled=\u00bboff\u00bb button_border_radius__hover_enabled=\u00bboff\u00bb button_one_border_radius__hover_enabled=\u00bboff\u00bb button_two_border_radius__hover_enabled=\u00bboff\u00bb button_letter_spacing__hover_enabled=\u00bboff\u00bb button_one_letter_spacing__hover_enabled=\u00bboff\u00bb button_two_letter_spacing__hover_enabled=\u00bboff\u00bb button_bg_color__hover_enabled=\u00bboff\u00bb button_one_bg_color__hover_enabled=\u00bboff\u00bb button_two_bg_color__hover_enabled=\u00bboff\u00bb][\/et_pb_contact_field][\/et_pb_contact_form][\/et_pb_column][\/et_pb_row][\/et_pb_section]<\/p>\n","protected":false},"excerpt":{"rendered":"<p>Constructora 3M La gerencia de INGENIERIA Y CONSTRUCCION 3M SOCIEDAD LIMITADA, se ha caracterizado por sus altos est\u00e1ndares de calidad, el trato directo e involucramiento con sus clientes, y una preocupaci\u00f3n constante por la innovaci\u00f3n, Pol\u00edticas de Seguridad, Salud Ocupacional y Cuidado del Medio Ambiente. &nbsp;Servicio de Ingenier\u00eda y Construcci\u00f3n: Noticias 3MCONTACTO 3MLos \u00c1ngeles, Chile.(+56) [&hellip;]<\/p>\n","protected":false},"author":1,"featured_media":0,"parent":0,"menu_order":0,"comment_status":"closed","ping_status":"closed","template":"","meta":{"_et_pb_use_builder":"on","_et_pb_old_content":"","_et_gb_content_width":"","footnotes":""},"class_list":["post-1261","page","type-page","status-publish","hentry"],"_links":{"self":[{"href":"http:\/\/www.constructora3m.cl\/sitio\/wp-json\/wp\/v2\/pages\/1261","targetHints":{"allow":["GET"]}}],"collection":[{"href":"http:\/\/www.constructora3m.cl\/sitio\/wp-json\/wp\/v2\/pages"}],"about":[{"href":"http:\/\/www.constructora3m.cl\/sitio\/wp-json\/wp\/v2\/types\/page"}],"author":[{"embeddable":true,"href":"http:\/\/www.constructora3m.cl\/sitio\/wp-json\/wp\/v2\/users\/1"}],"replies":[{"embeddable":true,"href":"http:\/\/www.constructora3m.cl\/sitio\/wp-json\/wp\/v2\/comments?post=1261"}],"version-history":[{"count":57,"href":"http:\/\/www.constructora3m.cl\/sitio\/wp-json\/wp\/v2\/pages\/1261\/revisions"}],"predecessor-version":[{"id":1667,"href":"http:\/\/www.constructora3m.cl\/sitio\/wp-json\/wp\/v2\/pages\/1261\/revisions\/1667"}],"wp:attachment":[{"href":"http:\/\/www.constructora3m.cl\/sitio\/wp-json\/wp\/v2\/media?parent=1261"}],"curies":[{"name":"wp","href":"https:\/\/api.w.org\/{rel}","templated":true}]}}